{"id":47,"date":"2025-09-15T17:45:01","date_gmt":"2025-09-15T15:45:01","guid":{"rendered":"https:\/\/retritech.be\/?page_id=47"},"modified":"2025-10-15T17:59:29","modified_gmt":"2025-10-15T15:59:29","slug":"accueil","status":"publish","type":"page","link":"https:\/\/retritech.be\/index.php\/accueil\/","title":{"rendered":"Accueil (ancienne)"},"content":{"rendered":"\n<figure class=\"wp-block-image size-full\"><img decoding=\"async\" width=\"373\" height=\"96\" src=\"https:\/\/retritech.be\/wp-content\/uploads\/2025\/08\/Logo-1.png\" alt=\"\" class=\"wp-image-49\" srcset=\"https:\/\/retritech.be\/wp-content\/uploads\/2025\/08\/Logo-1.png 373w, https:\/\/retritech.be\/wp-content\/uploads\/2025\/08\/Logo-1-300x77.png 300w\" sizes=\"(max-width: 373px) 100vw, 373px\" \/><\/figure>\n\n\n\n<h2 class=\"wp-block-heading\">RETRITECH Coop\u00e9rative<\/h2>\n\n\n\n<h2 class=\"wp-block-heading\">Activit\u00e9s<\/h2>\n\n\n\n<p class=\"has-large-font-size\">INFRASTRUCTURES : R\u00e9novation, Pose de cl\u00f4ture, S\u00e9curisation<\/p>\n\n\n\n<p><\/p>\n\n\n\n<p class=\"has-large-font-size\">CLEANING &amp; CURAGE : En minimisant la production de d\u00e9chets gr\u00e2ce au tri a la source et au r\u00e9emploi, Curage de b\u00e2timents, Nettoyage, Tri de d\u00e9chets, Recyclage<\/p>\n\n\n\n<p><\/p>\n\n\n\n<p class=\"has-large-font-size\">DESAMIANTAGE : D\u00e9samiantage en traitement simple et en zone herm\u00e9tique<\/p>\n\n\n\n<p><\/p>\n\n\n\n<h3 class=\"wp-block-heading\">Contact <\/h3>\n\n\n\n<p class=\"has-medium-font-size\">Adresse&nbsp;: Rue de la Glaci\u00e8re 40B \u00e0 4100 SERAING<\/p>\n\n\n\n<p class=\"has-medium-font-size\">Tel&nbsp;: 04 337 48 11<\/p>\n\n\n\n<p class=\"has-medium-font-size\">Mail&nbsp;: secretariat@retritech.be<\/p>\n\n\n\n<p><\/p>\n","protected":false},"excerpt":{"rendered":"<p>RETRITECH Coop\u00e9rative Activit\u00e9s INFRASTRUCTURES : R\u00e9novation, Pose de cl\u00f4ture, S\u00e9curisation CLEANING &amp; CURAGE : En minimisant la production de d\u00e9chets gr\u00e2ce au tri a la source et au r\u00e9emploi, Curage de b\u00e2timents, Nettoyage, Tri de d\u00e9chets, Recyclage DESAMIANTAGE : D\u00e9samiantage en traitement simple et en zone herm\u00e9tique Contact Adresse&nbsp;: Rue de la Glaci\u00e8re 40B \u00e0 [&hellip;]<\/p>\n","protected":false},"author":1,"featured_media":0,"parent":0,"menu_order":0,"comment_status":"closed","ping_status":"closed","template":"","meta":{"saved_in_kubio":true,"footnotes":""},"class_list":["post-47","page","type-page","status-publish","hentry"],"kubio_ai_page_context":{"short_desc":"","purpose":"general"},"_links":{"self":[{"href":"https:\/\/retritech.be\/index.php\/wp-json\/wp\/v2\/pages\/47","targetHints":{"allow":["GET"]}}],"collection":[{"href":"https:\/\/retritech.be\/index.php\/wp-json\/wp\/v2\/pages"}],"about":[{"href":"https:\/\/retritech.be\/index.php\/wp-json\/wp\/v2\/types\/page"}],"author":[{"embeddable":true,"href":"https:\/\/retritech.be\/index.php\/wp-json\/wp\/v2\/users\/1"}],"replies":[{"embeddable":true,"href":"https:\/\/retritech.be\/index.php\/wp-json\/wp\/v2\/comments?post=47"}],"version-history":[{"count":8,"href":"https:\/\/retritech.be\/index.php\/wp-json\/wp\/v2\/pages\/47\/revisions"}],"predecessor-version":[{"id":190,"href":"https:\/\/retritech.be\/index.php\/wp-json\/wp\/v2\/pages\/47\/revisions\/190"}],"wp:attachment":[{"href":"https:\/\/retritech.be\/index.php\/wp-json\/wp\/v2\/media?parent=47"}],"curies":[{"name":"wp","href":"https:\/\/api.w.org\/{rel}","templated":true}]}}